{"id":68,"date":"2021-11-16T09:11:47","date_gmt":"2021-11-16T12:11:47","guid":{"rendered":"https:\/\/aacr2022.congresos.unc.edu.ar\/?page_id=68"},"modified":"2022-10-13T13:41:15","modified_gmt":"2022-10-13T16:41:15","slug":"escuela","status":"publish","type":"page","link":"https:\/\/aacr2022.congresos.unc.edu.ar\/?page_id=68","title":{"rendered":"XIII Escuela de la AACr"},"content":{"rendered":"<p><div class=\"fusion-fullwidth fullwidth-box fusion-builder-row-1 fusion-flex-container nonhundred-percent-fullwidth non-hundred-percent-height-scrolling\" style=\"--awb-border-sizes-left:0;--awb-border-radius-top-left:0px;--awb-border-radius-top-right:0px;--awb-border-radius-bottom-right:0px;--awb-border-radius-bottom-left:0px;--awb-padding-right:15%;--awb-padding-left:15%;--awb-background-color:#d5d5d5;\" ><div class=\"fusion-builder-row fusion-row fusion-flex-align-items-stretch fusion-flex-justify-content-space-around\" style=\"max-width:104%;margin-left: calc(-4% \/ 2 );margin-right: calc(-4% \/ 2 );\"><div class=\"fusion-layout-column fusion_builder_column fusion-builder-column-0 fusion_builder_column_1_1 1_1 fusion-flex-column\" style=\"--awb-overflow:visible;--awb-bg-color:rgba(164,164,164,0);--awb-bg-color-hover:rgba(164,164,164,0);--awb-bg-size:cover;--awb-width-large:100%;--awb-margin-top-large:0px;--awb-spacing-right-large:0%;--awb-margin-bottom-large:0px;--awb-spacing-left-large:0%;--awb-width-medium:100%;--awb-order-medium:0;--awb-spacing-right-medium:0%;--awb-spacing-left-medium:0%;--awb-width-small:100%;--awb-order-small:0;--awb-spacing-right-small:1.92%;--awb-spacing-left-small:1.92%;\"><div class=\"fusion-column-wrapper fusion-column-has-shadow fusion-flex-justify-content-flex-start fusion-content-layout-column\"><div class=\"fusion-title title fusion-title-1 fusion-sep-none fusion-title-center fusion-title-text fusion-title-size-two\"><h2 class=\"title-heading-center\" style=\"margin:0;\">\u201cRecientes avances en el refinamiento de estructuras cristalinas por\u00a0an\u00e1lisis Rietveld de datos de difracci\u00f3n de polvos\u201d<\/h2><\/div><\/div><\/div><\/div><\/div><div class=\"fusion-fullwidth fullwidth-box fusion-builder-row-2 fusion-flex-container nonhundred-percent-fullwidth non-hundred-percent-height-scrolling\" style=\"--awb-border-sizes-left:0;--awb-border-radius-top-left:0px;--awb-border-radius-top-right:0px;--awb-border-radius-bottom-right:0px;--awb-border-radius-bottom-left:0px;--awb-padding-top:20px;--awb-padding-right:15%;--awb-padding-left:235px;--awb-margin-top:0px;--awb-background-color:#083d77;\" ><div class=\"fusion-builder-row fusion-row fusion-flex-align-items-stretch fusion-flex-justify-content-space-around\" style=\"max-width:104%;margin-left: calc(-4% \/ 2 );margin-right: calc(-4% \/ 2 );\"><div class=\"fusion-layout-column fusion_builder_column fusion-builder-column-1 fusion_builder_column_1_1 1_1 fusion-flex-column\" style=\"--awb-overflow:visible;--awb-bg-color:rgba(164,164,164,0);--awb-bg-color-hover:rgba(164,164,164,0);--awb-bg-size:cover;--awb-width-large:100%;--awb-margin-top-large:20px;--awb-spacing-right-large:0%;--awb-margin-bottom-large:0px;--awb-spacing-left-large:0%;--awb-width-medium:100%;--awb-order-medium:0;--awb-spacing-right-medium:0%;--awb-spacing-left-medium:0%;--awb-width-small:100%;--awb-order-small:0;--awb-spacing-right-small:1.92%;--awb-spacing-left-small:1.92%;\"><div class=\"fusion-column-wrapper fusion-column-has-shadow fusion-flex-justify-content-flex-start fusion-content-layout-column\"><div class=\"fusion-text fusion-text-1\" style=\"--awb-text-transform:none;--awb-text-color:#8bc34a;\"><p><span style=\"font-size: 18pt\"><strong>*Se encuentra abierta la Preinscripci\u00f3n a la Escuela<\/strong><\/span><\/p>\n<\/div><div class=\"fusion-text fusion-text-2\" style=\"--awb-content-alignment:justify;--awb-text-transform:none;--awb-text-color:#ffffff;\"><p><strong><span style=\"font-size: 14pt\">Fecha: del 7 al 18 de noviembre de 2022<\/span><\/strong><\/p>\n<p><strong><span style=\"font-size: 14pt\">La AACr invita a participar de su XIII Escuela a profesionales de las \u00e1reas en Ciencias <\/span><\/strong><strong><span style=\"font-size: 14pt\">Exactas y Naturales, alumnos de Posgrado y j\u00f3venes investigadores con conocimientos <\/span><\/strong><strong><span style=\"font-size: 14pt\">previos de cristalograf\u00eda y difracci\u00f3n.<\/span><\/strong><\/p>\n<p><strong><span style=\"font-size: 14pt\">Los interesados en obtener certificado expedido por la Escuela de Posgrado de la Facultad <\/span><\/strong><strong><span style=\"font-size: 14pt\">de Ciencias Qu\u00edmicas, UNC, deber\u00e1n estar realizando una carrera de posgrado (en una <\/span><\/strong><strong><span style=\"font-size: 14pt\">instituci\u00f3n nacional o del extranjero) o, en su defecto, poseer t\u00edtulo de grado en Ciencias <\/span><\/strong><strong><span style=\"font-size: 14pt\">Exactas o Naturales (f\u00edsica, qu\u00edmica, geolog\u00eda, ingenier\u00edas, etc.).<\/span><\/strong><\/p>\n<p><strong><span style=\"font-size: 14pt\">Preinscripci\u00f3n: desde el 13 al 19 de octubre de 2022, los interesados deber\u00e1n enviar un <\/span><\/strong><strong><span style=\"font-size: 14pt\">Curr\u00edculum Vitae, una carta de motivaci\u00f3n que demuestre su inter\u00e9s en realizar la Escuela <\/span><\/strong><strong><span style=\"font-size: 14pt\">y una carta de recomendaci\u00f3n de su director\/a o jefe de \u00e1rea, a trav\u00e9s del formulario de preinscripci\u00f3n.<\/span><\/strong><\/p>\n<p><strong><span style=\"font-size: 14pt\">Resultado de la selecci\u00f3n de candidatos: a partir del 24 de octubre de 2022, ser\u00e1n <\/span><\/strong><strong><span style=\"font-size: 14pt\">notificados por correo electr\u00f3nico.<\/span><\/strong><\/p>\n<p><strong><span style=\"font-size: 14pt\">Cupo m\u00e1ximo: 40 estudiantes.<\/span><\/strong><\/p>\n<p><strong><span style=\"font-size: 14pt\">Lugar: Facultad de Ciencias Qu\u00edmicas, Universidad Nacional de C\u00f3rdoba. Ciudad <\/span><span style=\"font-size: 14pt\">Universitaria. C\u00f3rdoba, Argentina<\/span><\/strong><\/p>\n<p><strong><span style=\"font-size: 14pt\">Duraci\u00f3n: 40 horas<\/span><\/strong><\/p>\n<p><strong><span style=\"font-size: 14pt\">Modalidad: Presencial<\/span><\/strong><\/p>\n<p><strong><span style=\"font-size: 14pt\">Director: Prof. Dr. Ra\u00fal E. Carbonio. FCQ (UNC). INFIQC-CONICET<\/span><\/strong><\/p>\n<p><strong><span style=\"font-size: 14pt\">Docentes:<\/span><\/strong><\/p>\n<p><strong><span style=\"font-size: 14pt\">Prof. Dr. Ra\u00fal E. Carbonio. FCQ (UNC). INFIQC-CONICET<\/span><\/strong><br \/>\n<strong><span style=\"font-size: 14pt\">Dra. Valeria C. Fuertes. FCQ (UNC). INFIQC-CONICET<\/span><\/strong><br \/>\n<strong><span style=\"font-size: 14pt\">Dr. Juan M. De Paoli. FCQ (UNC). INFIQC-CONICET<\/span><\/strong><br \/>\n<strong><span style=\"font-size: 14pt\">Dra. Diana M. Arciniegas Jaimes. FCQ (UNC)<\/span><\/strong><br \/>\n<strong><span style=\"font-size: 14pt\">Lic. Alejandro D. Menzaque. FCQ (UNC). INFIQC-CONICET<\/span><\/strong><br \/>\n<strong><span style=\"font-size: 14pt\">Ing. Qco. Jhoan F. T\u00e9llez Bernal. FCQ (UNC). INFIQC-CONICET<\/span><\/strong><\/p>\n<p><strong><span style=\"font-size: 14pt\">Costo:<\/span><\/strong><br \/>\n<strong><span style=\"font-size: 14pt\">*Estudiantes de Doctorado de la FCQ con o sin cargo docente y de la UNC con cargo <\/span><\/strong><strong><span style=\"font-size: 14pt\">docente de la UNC (Res. HCS 02\/09): $0,00.<\/span><\/strong><br \/>\n<strong><span style=\"font-size: 14pt\">*Estudiantes de Posgrados y becarios, sin cargo docente en la UNC y de otras <\/span><\/strong><strong><span style=\"font-size: 14pt\">instituciones nacionales: $5.000,00.<\/span><\/strong><br \/>\n<strong><span style=\"font-size: 14pt\">*Egresados\/as profesionales (no inscriptos en posgrados): $10.000,00.<\/span><\/strong><br \/>\n<strong><span style=\"font-size: 14pt\">*Estudiantes\/profesionales extranjeros\/as: U$S 75,00.<\/span><\/strong><\/p>\n<\/div><\/div><\/div><\/div><\/div><div class=\"fusion-fullwidth fullwidth-box fusion-builder-row-3 fusion-flex-container nonhundred-percent-fullwidth non-hundred-percent-height-scrolling\" style=\"--awb-border-sizes-left:0;--awb-border-radius-top-left:0px;--awb-border-radius-top-right:0px;--awb-border-radius-bottom-right:0px;--awb-border-radius-bottom-left:0px;--awb-padding-top:20px;--awb-padding-right:15%;--awb-padding-left:235px;--awb-margin-top:0px;--awb-background-color:#757575;\" ><div class=\"fusion-builder-row fusion-row fusion-flex-align-items-stretch fusion-flex-justify-content-space-around\" style=\"max-width:104%;margin-left: calc(-4% \/ 2 );margin-right: calc(-4% \/ 2 );\"><div class=\"fusion-layout-column fusion_builder_column fusion-builder-column-2 fusion_builder_column_1_1 1_1 fusion-flex-column\" style=\"--awb-overflow:visible;--awb-bg-color:rgba(164,164,164,0);--awb-bg-color-hover:rgba(164,164,164,0);--awb-bg-size:cover;--awb-width-large:100%;--awb-margin-top-large:20px;--awb-spacing-right-large:0%;--awb-margin-bottom-large:0px;--awb-spacing-left-large:0%;--awb-width-medium:100%;--awb-order-medium:0;--awb-spacing-right-medium:0%;--awb-spacing-left-medium:0%;--awb-width-small:100%;--awb-order-small:0;--awb-spacing-right-small:1.92%;--awb-spacing-left-small:1.92%;\"><div class=\"fusion-column-wrapper fusion-column-has-shadow fusion-flex-justify-content-flex-start fusion-content-layout-column\"><div class=\"fusion-text fusion-text-3\" style=\"--awb-content-alignment:justify;--awb-text-transform:none;--awb-text-color:#000000;\"><p><span style=\"color: #8bc34a\"><strong><span style=\"font-size: 14pt\">Objetivos<\/span><\/strong><\/span><br \/>\n<strong><span style=\"font-size: 14pt\">Impartir conocimientos b\u00e1sicos y avanzados sobre difracci\u00f3n de rayos X y de neutrones <\/span><span style=\"font-size: 14pt\">de polvos. <\/span><span style=\"font-size: 14pt\">Profundizar en los \u00faltimos avances informados sobre refinamiento y resoluci\u00f3n de <\/span><span style=\"font-size: 14pt\">estructuras cristalinas. <\/span><span style=\"font-size: 14pt\">Entrenar al alumno en el uso de programas de computaci\u00f3n para el refinamiento y <\/span><span style=\"font-size: 14pt\">resoluci\u00f3n de estructuras cristalinas mediante an\u00e1lisis Rietveld de datos de difracci\u00f3n de <\/span><span style=\"font-size: 14pt\">polvos. <\/span><span style=\"font-size: 14pt\">Poner en conocimiento el estado del arte de las grandes facilidades: Sincrotr\u00f3n de Brasil <\/span><span style=\"font-size: 14pt\">(SIRIUS) y Reactor Nuclear para Investigaci\u00f3n de Argentina (RA-10).<\/span><\/strong><\/p>\n<p><strong><span style=\"font-size: 14pt\"><span style=\"color: #8bc34a\">Evaluaci\u00f3n<\/span><\/span><\/strong><br \/>\n<strong><span style=\"font-size: 14pt\">Evaluaci\u00f3n te\u00f3rica: se realizar\u00e1 el viernes 18 de noviembre de 2022.<\/span><\/strong><br \/>\n<strong><span style=\"font-size: 14pt\">Evaluaci\u00f3n pr\u00e1ctica: Consistir\u00e1 en la elaboraci\u00f3n y aprobaci\u00f3n de un informe de los refinamientos <\/span><\/strong><strong><span style=\"font-size: 14pt\">realizados por los propios alumnos (este informe ser\u00e1 entregado a los 15 d\u00edas de finalizado el curso).<\/span><\/strong><\/p>\n<p><strong style=\"font-family: var(--body_typography-font-family);font-size: var(--body_typography-font-size);letter-spacing: var(--body_typography-letter-spacing)\"><span style=\"font-size: 14pt\">Contacto: <span style=\"color: #8bc34a\"><a style=\"color: #8bc34a\" href=\"mailto:rcarbonio@unc.edu.ar\">rcarbonio@unc.edu.ar<\/a><\/span><\/span><\/strong><\/p>\n<\/div><\/div><\/div><\/div><\/div><div class=\"fusion-fullwidth fullwidth-box fusion-builder-row-4 fusion-flex-container nonhundred-percent-fullwidth non-hundred-percent-height-scrolling\" style=\"--awb-border-sizes-left:0;--awb-border-radius-top-left:0px;--awb-border-radius-top-right:0px;--awb-border-radius-bottom-right:0px;--awb-border-radius-bottom-left:0px;--awb-padding-top:20px;--awb-padding-right:15%;--awb-padding-left:235px;--awb-margin-top:0px;--awb-background-color:#d5d5d5;\" ><div class=\"fusion-builder-row fusion-row fusion-flex-align-items-stretch fusion-flex-justify-content-space-around\" style=\"max-width:104%;margin-left: calc(-4% \/ 2 );margin-right: calc(-4% \/ 2 );\"><div class=\"fusion-layout-column fusion_builder_column fusion-builder-column-3 fusion_builder_column_1_1 1_1 fusion-flex-column\" style=\"--awb-overflow:visible;--awb-bg-color:rgba(164,164,164,0);--awb-bg-color-hover:rgba(164,164,164,0);--awb-bg-size:cover;--awb-width-large:100%;--awb-margin-top-large:20px;--awb-spacing-right-large:0%;--awb-margin-bottom-large:20px;--awb-spacing-left-large:0%;--awb-width-medium:100%;--awb-order-medium:0;--awb-spacing-right-medium:0%;--awb-spacing-left-medium:0%;--awb-width-small:100%;--awb-order-small:0;--awb-spacing-right-small:1.92%;--awb-spacing-left-small:1.92%;\"><div class=\"fusion-column-wrapper fusion-column-has-shadow fusion-flex-justify-content-space-around fusion-content-layout-column\"><div class=\"fusion-title title fusion-title-2 fusion-sep-none fusion-title-center fusion-title-text fusion-title-size-one\" style=\"--awb-font-size:45px;\"><h1 class=\"title-heading-center\" style=\"margin:0;font-size:1em;\"><a href=\"https:\/\/aacr2022.congresos.unc.edu.ar\/wp-content\/uploads\/sites\/9\/2022\/10\/Programa_Escuela_AACr2022.pdf\" class=\"awb-custom-text-color awb-custom-text-hover-color\" target=\"_blank\"><strong><span style=\"font-size: 36pt;color: #083d77\">Programa de la Escuela &#8211; <u>Descargar PDF<\/u><\/span><\/strong><\/a><\/h1><\/div><div class=\"fusion-title title fusion-title-3 fusion-sep-none fusion-title-center fusion-title-text fusion-title-size-one\" style=\"--awb-font-size:45px;\"><h1 class=\"title-heading-center\" style=\"margin:0;font-size:1em;\"><a href=\"https:\/\/aacr2022.congresos.unc.edu.ar\/wp-content\/uploads\/sites\/9\/2022\/10\/RES_856_2022_Curso_Refinamiento.pdf\" class=\"awb-custom-text-color awb-custom-text-hover-color\" target=\"_blank\"><strong><span style=\"font-size: 36pt;color: #083d77\">Resoluci\u00f3n RHCD-2022-856 &#8211; <u>Descargar PDF<\/u><\/span><\/strong><\/a><\/h1><\/div><\/div><\/div><\/div><\/div><\/p>\n","protected":false},"excerpt":{"rendered":"","protected":false},"author":22,"featured_media":4051,"parent":0,"menu_order":0,"comment_status":"closed","ping_status":"closed","template":"","meta":{"_monsterinsights_skip_tracking":false,"_monsterinsights_sitenote_active":false,"_monsterinsights_sitenote_note":"","_monsterinsights_sitenote_category":0,"footnotes":""},"class_list":["post-68","page","type-page","status-publish","has-post-thumbnail","hentry"],"_links":{"self":[{"href":"https:\/\/aacr2022.congresos.unc.edu.ar\/index.php?rest_route=\/wp\/v2\/pages\/68","targetHints":{"allow":["GET"]}}],"collection":[{"href":"https:\/\/aacr2022.congresos.unc.edu.ar\/index.php?rest_route=\/wp\/v2\/pages"}],"about":[{"href":"https:\/\/aacr2022.congresos.unc.edu.ar\/index.php?rest_route=\/wp\/v2\/types\/page"}],"author":[{"embeddable":true,"href":"https:\/\/aacr2022.congresos.unc.edu.ar\/index.php?rest_route=\/wp\/v2\/users\/22"}],"replies":[{"embeddable":true,"href":"https:\/\/aacr2022.congresos.unc.edu.ar\/index.php?rest_route=%2Fwp%2Fv2%2Fcomments&post=68"}],"version-history":[{"count":23,"href":"https:\/\/aacr2022.congresos.unc.edu.ar\/index.php?rest_route=\/wp\/v2\/pages\/68\/revisions"}],"predecessor-version":[{"id":4330,"href":"https:\/\/aacr2022.congresos.unc.edu.ar\/index.php?rest_route=\/wp\/v2\/pages\/68\/revisions\/4330"}],"wp:featuredmedia":[{"embeddable":true,"href":"https:\/\/aacr2022.congresos.unc.edu.ar\/index.php?rest_route=\/wp\/v2\/media\/4051"}],"wp:attachment":[{"href":"https:\/\/aacr2022.congresos.unc.edu.ar\/index.php?rest_route=%2Fwp%2Fv2%2Fmedia&parent=68"}],"curies":[{"name":"wp","href":"https:\/\/api.w.org\/{rel}","templated":true}]}}