{"id":3530,"date":"2021-11-16T12:13:19","date_gmt":"2021-11-16T15:13:19","guid":{"rendered":"https:\/\/aacr2022.congresos.unc.edu.ar\/?page_id=3530"},"modified":"2022-07-06T16:17:17","modified_gmt":"2022-07-06T19:17:17","slug":"politica-de-libertad-cientifica","status":"publish","type":"page","link":"https:\/\/aacr2022.congresos.unc.edu.ar\/?page_id=3530","title":{"rendered":"Pol\u00edtica de Libertad Cient\u00edfica"},"content":{"rendered":"<div class=\"fusion-fullwidth fullwidth-box fusion-builder-row-1 fusion-flex-container nonhundred-percent-fullwidth non-hundred-percent-height-scrolling\" style=\"--awb-border-sizes-left:0;--awb-border-radius-top-left:0px;--awb-border-radius-top-right:0px;--awb-border-radius-bottom-right:0px;--awb-border-radius-bottom-left:0px;--awb-padding-top:20px;--awb-padding-right:15%;--awb-padding-left:235px;--awb-margin-top:0px;--awb-background-color:#d5d5d5;\" ><div class=\"fusion-builder-row fusion-row fusion-flex-align-items-stretch fusion-flex-justify-content-space-around\" style=\"max-width:104%;margin-left: calc(-4% \/ 2 );margin-right: calc(-4% \/ 2 );\"><div class=\"fusion-layout-column fusion_builder_column fusion-builder-column-0 fusion-flex-column\" style=\"--awb-overflow:visible;--awb-bg-color:rgba(164,164,164,0);--awb-bg-color-hover:rgba(164,164,164,0);--awb-bg-size:cover;--awb-width-large:110%;--awb-margin-top-large:20px;--awb-spacing-right-large:0%;--awb-margin-bottom-large:0px;--awb-spacing-left-large:0%;--awb-width-medium:110%;--awb-order-medium:0;--awb-spacing-right-medium:0%;--awb-spacing-left-medium:0%;--awb-width-small:100%;--awb-order-small:0;--awb-spacing-right-small:1.92%;--awb-spacing-left-small:1.92%;\"><div class=\"fusion-column-wrapper fusion-column-has-shadow fusion-flex-justify-content-flex-start fusion-content-layout-column\"><div class=\"fusion-text fusion-text-1\" style=\"--awb-content-alignment:justify;--awb-text-transform:none;--awb-text-color:#000000;\"><p><strong><span style=\"font-size: 14pt\">El Comit\u00e9 Organizador de la XVII Reuni\u00f3n Anual, el X Taller y la XIII Escuela de la Asociaci\u00f3n Argentina de Cristalograf\u00eda se compromete a atender la pol\u00edtica b\u00e1sica de no discriminaci\u00f3n y reafirma el derecho y libertad de los cient\u00edficos a participar en actividades cient\u00edficas internacionales sin importar factores como origen \u00e9tnico, religi\u00f3n, nacionalidad, idioma, postura pol\u00edtica, g\u00e9nero, sexo o edad, de acuerdo con los Estatutos del Consejo Internacional de Ciencia.<\/span><\/strong><br \/>\n<strong><span style=\"font-size: 14pt\">En esta Reuni\u00f3n y en sus eventos sat\u00e9lite no existir\u00e1n barreras que impidan la libre participaci\u00f3n de cient\u00edficos de buena fe.<\/span><\/strong><\/p>\n<p><strong><span style=\"font-size: 14pt\">Por otra lado, tambi\u00e9n declaramos que la AACr cumple fielmente con los lineamientos de la IUCr en cuanto a Igualdad de G\u00e9nero y Diversidad y el C\u00f3digo de Conducta de la IUCr\u00a0 (<span style=\"color: #4767a6\"><a style=\"color: #4767a6\" href=\"https:\/\/www.iucr.org\/iucr\/governance\/advisory-committees\/gedc\" target=\"_blank\" rel=\"noopener noreferrer\">https:\/\/www.iucr.org\/iucr\/governance\/advisory-committees\/gedc<\/a><\/span>)<\/span><\/strong><\/p>\n<\/div><\/div><\/div><\/div><\/div>\n","protected":false},"excerpt":{"rendered":"","protected":false},"author":22,"featured_media":4053,"parent":3527,"menu_order":0,"comment_status":"closed","ping_status":"closed","template":"","meta":{"_monsterinsights_skip_tracking":false,"_monsterinsights_sitenote_active":false,"_monsterinsights_sitenote_note":"","_monsterinsights_sitenote_category":0,"footnotes":""},"class_list":["post-3530","page","type-page","status-publish","has-post-thumbnail","hentry"],"_links":{"self":[{"href":"https:\/\/aacr2022.congresos.unc.edu.ar\/index.php?rest_route=\/wp\/v2\/pages\/3530","targetHints":{"allow":["GET"]}}],"collection":[{"href":"https:\/\/aacr2022.congresos.unc.edu.ar\/index.php?rest_route=\/wp\/v2\/pages"}],"about":[{"href":"https:\/\/aacr2022.congresos.unc.edu.ar\/index.php?rest_route=\/wp\/v2\/types\/page"}],"author":[{"embeddable":true,"href":"https:\/\/aacr2022.congresos.unc.edu.ar\/index.php?rest_route=\/wp\/v2\/users\/22"}],"replies":[{"embeddable":true,"href":"https:\/\/aacr2022.congresos.unc.edu.ar\/index.php?rest_route=%2Fwp%2Fv2%2Fcomments&post=3530"}],"version-history":[{"count":4,"href":"https:\/\/aacr2022.congresos.unc.edu.ar\/index.php?rest_route=\/wp\/v2\/pages\/3530\/revisions"}],"predecessor-version":[{"id":4165,"href":"https:\/\/aacr2022.congresos.unc.edu.ar\/index.php?rest_route=\/wp\/v2\/pages\/3530\/revisions\/4165"}],"up":[{"embeddable":true,"href":"https:\/\/aacr2022.congresos.unc.edu.ar\/index.php?rest_route=\/wp\/v2\/pages\/3527"}],"wp:featuredmedia":[{"embeddable":true,"href":"https:\/\/aacr2022.congresos.unc.edu.ar\/index.php?rest_route=\/wp\/v2\/media\/4053"}],"wp:attachment":[{"href":"https:\/\/aacr2022.congresos.unc.edu.ar\/index.php?rest_route=%2Fwp%2Fv2%2Fmedia&parent=3530"}],"curies":[{"name":"wp","href":"https:\/\/api.w.org\/{rel}","templated":true}]}}