{"id":3527,"date":"2021-11-16T12:11:00","date_gmt":"2021-11-16T15:11:00","guid":{"rendered":"https:\/\/aacr2022.congresos.unc.edu.ar\/?page_id=3527"},"modified":"2022-07-06T16:12:47","modified_gmt":"2022-07-06T19:12:47","slug":"informacion-general","status":"publish","type":"page","link":"https:\/\/aacr2022.congresos.unc.edu.ar\/?page_id=3527","title":{"rendered":"Informaci\u00f3n General"},"content":{"rendered":"<div class=\"fusion-fullwidth fullwidth-box fusion-builder-row-1 fusion-flex-container nonhundred-percent-fullwidth non-hundred-percent-height-scrolling\" style=\"--awb-border-sizes-left:0;--awb-border-radius-top-left:0px;--awb-border-radius-top-right:0px;--awb-border-radius-bottom-right:0px;--awb-border-radius-bottom-left:0px;--awb-padding-top:20px;--awb-padding-right:15%;--awb-padding-left:235px;--awb-margin-top:0px;--awb-background-color:#d5d5d5;\" ><div class=\"fusion-builder-row fusion-row fusion-flex-align-items-stretch fusion-flex-justify-content-space-around\" style=\"max-width:104%;margin-left: calc(-4% \/ 2 );margin-right: calc(-4% \/ 2 );\"><div class=\"fusion-layout-column fusion_builder_column fusion-builder-column-0 fusion-flex-column\" style=\"--awb-overflow:visible;--awb-bg-color:rgba(164,164,164,0);--awb-bg-color-hover:rgba(164,164,164,0);--awb-bg-size:cover;--awb-width-large:110%;--awb-margin-top-large:20px;--awb-spacing-right-large:0%;--awb-margin-bottom-large:0px;--awb-spacing-left-large:0%;--awb-width-medium:110%;--awb-order-medium:0;--awb-spacing-right-medium:0%;--awb-spacing-left-medium:0%;--awb-width-small:100%;--awb-order-small:0;--awb-spacing-right-small:1.92%;--awb-spacing-left-small:1.92%;\"><div class=\"fusion-column-wrapper fusion-column-has-shadow fusion-flex-justify-content-flex-start fusion-content-layout-column\"><\/div><\/div><div class=\"fusion-layout-column fusion_builder_column fusion-builder-column-1 fusion_builder_column_1_2 1_2 fusion-flex-column\" style=\"--awb-bg-size:cover;--awb-width-large:50%;--awb-margin-top-large:0px;--awb-spacing-right-large:3.84%;--awb-margin-bottom-large:20px;--awb-spacing-left-large:3.84%;--awb-width-medium:50%;--awb-order-medium:0;--awb-spacing-right-medium:3.84%;--awb-spacing-left-medium:3.84%;--awb-width-small:100%;--awb-order-small:0;--awb-spacing-right-small:1.92%;--awb-spacing-left-small:1.92%;\"><div class=\"fusion-column-wrapper fusion-column-has-shadow fusion-flex-justify-content-flex-start fusion-content-layout-column\"><div class=\"fusion-title title fusion-title-1 fusion-sep-none fusion-title-text fusion-title-size-one\"><h1 class=\"title-heading-left\" style=\"margin:0;\"><h2>Fundaci\u00f3n<\/h2><\/h1><\/div><div class=\"fusion-text fusion-text-1\" style=\"--awb-content-alignment:justify;--awb-text-transform:none;--awb-text-color:#000000;\"><p><strong><span style=\"font-size: 14pt\">La Asociaci\u00f3n Argentina de Cristalograf\u00eda (AACr), fue fundada el 30 de octubre de 2004, en Villa Giardino, Provincia de C\u00f3rdoba. Organiza anualmente una reuni\u00f3n para fomentar la colaboraci\u00f3n de investigadores de todo el pa\u00eds, en el \u00e1rea de la cristalograf\u00eda y dicta cursos de capacitaci\u00f3n dirija a estudiantes de posgrado. <\/span><span style=\"color: #4767a6\"><a style=\"font-size: 14pt;color: #4767a6\" href=\"http:\/\/www.cristalografia.com.ar\/\">http:\/\/www.cristalografia.com.ar<\/a><\/span><\/strong><\/p>\n<\/div><div class=\"fusion-title title fusion-title-2 fusion-sep-none fusion-title-text fusion-title-size-one\"><h1 class=\"title-heading-left\" style=\"margin:0;\"><h2>Asociate!<\/h2><\/h1><\/div><div class=\"fusion-text fusion-text-2\" style=\"--awb-text-transform:none;--awb-text-color:#000000;\"><p><strong><span style=\"font-size: 14pt\">Para formar parte de la asociaci\u00f3n, contactarse con el representante regional correspondiente. <span style=\"color: #4767a6\"><a style=\"color: #4767a6\" href=\"http:\/\/www.cristalografia.com.ar\/index.php\/autoridades\">http:\/\/www.cristalografia.com.ar\/index.php\/autoridades<\/a><\/span><\/span><\/strong><\/p>\n<\/div><\/div><\/div><div class=\"fusion-layout-column fusion_builder_column fusion-builder-column-2 fusion_builder_column_1_2 1_2 fusion-flex-column\" style=\"--awb-bg-size:cover;--awb-width-large:50%;--awb-margin-top-large:0px;--awb-spacing-right-large:3.84%;--awb-margin-bottom-large:20px;--awb-spacing-left-large:3.84%;--awb-width-medium:50%;--awb-order-medium:0;--awb-spacing-right-medium:3.84%;--awb-spacing-left-medium:3.84%;--awb-width-small:100%;--awb-order-small:0;--awb-spacing-right-small:1.92%;--awb-spacing-left-small:1.92%;\"><div class=\"fusion-column-wrapper fusion-column-has-shadow fusion-flex-justify-content-flex-start fusion-content-layout-column\"><div class=\"fusion-image-element awb-imageframe-style awb-imageframe-style-below awb-imageframe-style-1\" style=\"text-align:center;--awb-caption-title-font-family:var(--h2_typography-font-family);--awb-caption-title-font-weight:var(--h2_typography-font-weight);--awb-caption-title-font-style:var(--h2_typography-font-style);--awb-caption-title-size:var(--h2_typography-font-size);--awb-caption-title-transform:var(--h2_typography-text-transform);--awb-caption-title-line-height:var(--h2_typography-line-height);--awb-caption-title-letter-spacing:var(--h2_typography-letter-spacing);\"><span class=\" fusion-imageframe imageframe-none imageframe-1 hover-type-none\" class=\"image-magnify\" class=\"image-scroll\"><img decoding=\"async\" width=\"1024\" height=\"768\" src=\"https:\/\/aacr2022.congresos.unc.edu.ar\/wp-content\/uploads\/sites\/9\/2022\/05\/R2004-Villa-Giardino-1024x768.jpeg\" alt class=\"img-responsive wp-image-4061\" srcset=\"https:\/\/aacr2022.congresos.unc.edu.ar\/wp-content\/uploads\/sites\/9\/2022\/05\/R2004-Villa-Giardino-200x150.jpeg 200w, https:\/\/aacr2022.congresos.unc.edu.ar\/wp-content\/uploads\/sites\/9\/2022\/05\/R2004-Villa-Giardino-400x300.jpeg 400w, https:\/\/aacr2022.congresos.unc.edu.ar\/wp-content\/uploads\/sites\/9\/2022\/05\/R2004-Villa-Giardino-600x450.jpeg 600w, https:\/\/aacr2022.congresos.unc.edu.ar\/wp-content\/uploads\/sites\/9\/2022\/05\/R2004-Villa-Giardino-800x600.jpeg 800w, https:\/\/aacr2022.congresos.unc.edu.ar\/wp-content\/uploads\/sites\/9\/2022\/05\/R2004-Villa-Giardino-1200x900.jpeg 1200w, https:\/\/aacr2022.congresos.unc.edu.ar\/wp-content\/uploads\/sites\/9\/2022\/05\/R2004-Villa-Giardino.jpeg 1600w\" sizes=\"(max-width: 640px) 100vw, 1200px\" \/><\/span><div class=\"awb-imageframe-caption-container\"><div class=\"awb-imageframe-caption\"><p class=\"awb-imageframe-caption-text\">Fundaci\u00f3n de la AACr en Villa Giardino, C\u00f3rdoba (2004)<\/p><\/div><\/div><\/div><\/div><\/div><\/div><\/div>\n","protected":false},"excerpt":{"rendered":"","protected":false},"author":22,"featured_media":3703,"parent":0,"menu_order":0,"comment_status":"closed","ping_status":"closed","template":"","meta":{"_monsterinsights_skip_tracking":false,"_monsterinsights_sitenote_active":false,"_monsterinsights_sitenote_note":"","_monsterinsights_sitenote_category":0,"footnotes":""},"class_list":["post-3527","page","type-page","status-publish","has-post-thumbnail","hentry"],"_links":{"self":[{"href":"https:\/\/aacr2022.congresos.unc.edu.ar\/index.php?rest_route=\/wp\/v2\/pages\/3527","targetHints":{"allow":["GET"]}}],"collection":[{"href":"https:\/\/aacr2022.congresos.unc.edu.ar\/index.php?rest_route=\/wp\/v2\/pages"}],"about":[{"href":"https:\/\/aacr2022.congresos.unc.edu.ar\/index.php?rest_route=\/wp\/v2\/types\/page"}],"author":[{"embeddable":true,"href":"https:\/\/aacr2022.congresos.unc.edu.ar\/index.php?rest_route=\/wp\/v2\/users\/22"}],"replies":[{"embeddable":true,"href":"https:\/\/aacr2022.congresos.unc.edu.ar\/index.php?rest_route=%2Fwp%2Fv2%2Fcomments&post=3527"}],"version-history":[{"count":17,"href":"https:\/\/aacr2022.congresos.unc.edu.ar\/index.php?rest_route=\/wp\/v2\/pages\/3527\/revisions"}],"predecessor-version":[{"id":3732,"href":"https:\/\/aacr2022.congresos.unc.edu.ar\/index.php?rest_route=\/wp\/v2\/pages\/3527\/revisions\/3732"}],"wp:featuredmedia":[{"embeddable":true,"href":"https:\/\/aacr2022.congresos.unc.edu.ar\/index.php?rest_route=\/wp\/v2\/media\/3703"}],"wp:attachment":[{"href":"https:\/\/aacr2022.congresos.unc.edu.ar\/index.php?rest_route=%2Fwp%2Fv2%2Fmedia&parent=3527"}],"curies":[{"name":"wp","href":"https:\/\/api.w.org\/{rel}","templated":true}]}}